{"id":227,"date":"2023-08-04T13:07:37","date_gmt":"2023-08-04T11:07:37","guid":{"rendered":"http:\/\/www.paroisse-saintmartindelarisle.fr\/?page_id=227"},"modified":"2023-09-04T18:26:55","modified_gmt":"2023-09-04T16:26:55","slug":"preparation-au-bapteme-des-enfants","status":"publish","type":"page","link":"https:\/\/www.paroisse-saintmartindelarisle.fr\/index.php\/celebrer\/preparation-au-bapteme-des-enfants\/","title":{"rendered":"Pr\u00e9paration au bapt\u00eame des enfants"},"content":{"rendered":"\n<p>Vous souhaitez faire baptiser votre enfant&nbsp;? Lui donner l\u2019insigne honneur de devenir enfant de Dieu&nbsp;? Lui ouvrir la voie de la saintet\u00e9 comme Dieu son P\u00e8re est Saint&nbsp;?<\/p>\n\n\n\n<p>Il n\u2019y a pas d\u2019honneur plus grand&nbsp;! d\u2019amour plus authentique, de don plus merveilleux pour votre enfant. &nbsp;le Ciel s\u2019en r\u00e9jouit et toute l\u2019Eglise avec Lui.<\/p>\n\n\n\n<p>Un tel \u00e9v\u00e9nement se pr\u00e9pare, se c\u00e9l\u00e8bre, et doit rester \u00e0 jamais inoubliable car ses effets ne passeront jamais.<\/p>\n\n\n\n<p>Une pr\u00e9paration en trois \u00e9tapes vous est propos\u00e9e&nbsp;:<\/p>\n\n\n\n<ol class=\"wp-block-list\" type=\"1\">\n<li>Rendez-vous&nbsp; \u00e0 l\u2019accueil paroissial et inscrivez votre enfant. L\u2019inscription vous donne l\u2019occasion de reformuler votre demande et de prendre du sens de votre demande.<\/li>\n\n\n\n<li>D\u00e8s votre inscription vous pouvez choisir trois dates&nbsp;:<\/li>\n<\/ol>\n\n\n\n<p>Pour la c\u00e9l\u00e9bration du bapt\u00eame pendant ou en dehors de la messe&nbsp;;<\/p>\n\n\n\n<p>Pour la pr\u00e9sentation de l\u2019enfant \u00e0 la communaut\u00e9 (un dimanche ou un samedi soir)<\/p>\n\n\n\n<p>pour la pr\u00e9paration \u00e0 laquelle doivent \u00eatre pr\u00e9sents le p\u00e8re et la m\u00e8re de l\u2019enfant, les parrains et marraines sont vivement convi\u00e9s.<\/p>\n\n\n\n<p>Enfin, avec le bapt\u00eame, celle ou celui qui est devenu(e) plus enfant de Dieu que de ses parents, doit grandir devant Dieu et les hommes gr\u00e2ce \u00e0 l\u2019\u00e9ducation confi\u00e9e aux parents.<\/p>\n\n\n\n<div class=\"wp-block-file\"><a id=\"wp-block-file--media-6df90122-5304-4cb8-bab7-9b51bba77c01\" href=\"http:\/\/www.paroisse-saintmartindelarisle.fr\/wp-content\/uploads\/2023\/08\/Fiche-trimestrielle-en-vue-du-bapteme-des-petits-enfants.pdf\">Fiche-trimestrielle-en-vue-du-bapteme-des-petits-enfants<\/a><a href=\"http:\/\/www.paroisse-saintmartindelarisle.fr\/wp-content\/uploads\/2023\/08\/Fiche-trimestrielle-en-vue-du-bapteme-des-petits-enfants.pdf\" class=\"wp-block-file__button wp-element-button\" download aria-describedby=\"wp-block-file--media-6df90122-5304-4cb8-bab7-9b51bba77c01\">T\u00e9l\u00e9charger<\/a><\/div>\n","protected":false},"excerpt":{"rendered":"<p>Vous souhaitez faire baptiser votre enfant&nbsp;? Lui donner l\u2019insigne honneur de devenir enfant de Dieu&nbsp;? Lui ouvrir la voie de la saintet\u00e9 comme Dieu son P\u00e8re est Saint&nbsp;? Il n\u2019y a pas d\u2019honneur plus grand&nbsp;! d\u2019amour plus authentique, de don plus merveilleux pour votre enfant. &nbsp;le Ciel s\u2019en r\u00e9jouit et toute l\u2019Eglise avec Lui. Un &hellip; <\/p>\n<p class=\"link-more\"><a href=\"https:\/\/www.paroisse-saintmartindelarisle.fr\/index.php\/celebrer\/preparation-au-bapteme-des-enfants\/\" class=\"more-link\">Lire la suite de<span class=\"screen-reader-text\">\u00ab\u00a0Pr\u00e9paration au bapt\u00eame des enfants\u00a0\u00bb<\/span><\/a><\/p>\n","protected":false},"author":1,"featured_media":0,"parent":236,"menu_order":0,"comment_status":"closed","ping_status":"closed","template":"","meta":{"iawp_total_views":206,"_mc_calendar":[],"footnotes":""},"class_list":["post-227","page","type-page","status-publish","hentry"],"yoast_head":"<!-- This site is optimized with the Yoast SEO plugin v27.3 - https:\/\/yoast.com\/product\/yoast-seo-wordpress\/ -->\n<title>Pr\u00e9paration au bapt\u00eame des enfants - Paroisse Saint Martin<\/title>\n<meta name=\"robots\" content=\"index, follow, max-snippet:-1, max-image-preview:large, max-video-preview:-1\" \/>\n<link rel=\"canonical\" href=\"https:\/\/www.paroisse-saintmartindelarisle.fr\/index.php\/celebrer\/preparation-au-bapteme-des-enfants\/\" \/>\n<meta property=\"og:locale\" content=\"fr_FR\" \/>\n<meta property=\"og:type\" content=\"article\" \/>\n<meta property=\"og:title\" content=\"Pr\u00e9paration au bapt\u00eame des enfants - Paroisse Saint Martin\" \/>\n<meta property=\"og:description\" content=\"Vous souhaitez faire baptiser votre enfant&nbsp;? Lui donner l\u2019insigne honneur de devenir enfant de Dieu&nbsp;? Lui ouvrir la voie de la saintet\u00e9 comme Dieu son P\u00e8re est Saint&nbsp;? Il n\u2019y a pas d\u2019honneur plus grand&nbsp;! d\u2019amour plus authentique, de don plus merveilleux pour votre enfant. &nbsp;le Ciel s\u2019en r\u00e9jouit et toute l\u2019Eglise avec Lui. Un &hellip; Lire la suite de\u00ab\u00a0Pr\u00e9paration au bapt\u00eame des enfants\u00a0\u00bb\" \/>\n<meta property=\"og:url\" content=\"https:\/\/www.paroisse-saintmartindelarisle.fr\/index.php\/celebrer\/preparation-au-bapteme-des-enfants\/\" \/>\n<meta property=\"og:site_name\" content=\"Paroisse Saint Martin\" \/>\n<meta property=\"article:modified_time\" content=\"2023-09-04T16:26:55+00:00\" \/>\n<meta name=\"twitter:card\" content=\"summary_large_image\" \/>\n<meta name=\"twitter:label1\" content=\"Dur\u00e9e de lecture estim\u00e9e\" \/>\n\t<meta name=\"twitter:data1\" content=\"1 minute\" \/>\n<script type=\"application\/ld+json\" class=\"yoast-schema-graph\">{\"@context\":\"https:\\\/\\\/schema.org\",\"@graph\":[{\"@type\":\"WebPage\",\"@id\":\"https:\\\/\\\/www.paroisse-saintmartindelarisle.fr\\\/index.php\\\/celebrer\\\/preparation-au-bapteme-des-enfants\\\/\",\"url\":\"https:\\\/\\\/www.paroisse-saintmartindelarisle.fr\\\/index.php\\\/celebrer\\\/preparation-au-bapteme-des-enfants\\\/\",\"name\":\"Pr\u00e9paration au bapt\u00eame des enfants - Paroisse Saint Martin\",\"isPartOf\":{\"@id\":\"https:\\\/\\\/www.paroisse-saintmartindelarisle.fr\\\/#website\"},\"datePublished\":\"2023-08-04T11:07:37+00:00\",\"dateModified\":\"2023-09-04T16:26:55+00:00\",\"breadcrumb\":{\"@id\":\"https:\\\/\\\/www.paroisse-saintmartindelarisle.fr\\\/index.php\\\/celebrer\\\/preparation-au-bapteme-des-enfants\\\/#breadcrumb\"},\"inLanguage\":\"fr-FR\",\"potentialAction\":[{\"@type\":\"ReadAction\",\"target\":[\"https:\\\/\\\/www.paroisse-saintmartindelarisle.fr\\\/index.php\\\/celebrer\\\/preparation-au-bapteme-des-enfants\\\/\"]}]},{\"@type\":\"BreadcrumbList\",\"@id\":\"https:\\\/\\\/www.paroisse-saintmartindelarisle.fr\\\/index.php\\\/celebrer\\\/preparation-au-bapteme-des-enfants\\\/#breadcrumb\",\"itemListElement\":[{\"@type\":\"ListItem\",\"position\":1,\"name\":\"Accueil\",\"item\":\"https:\\\/\\\/www.paroisse-saintmartindelarisle.fr\\\/\"},{\"@type\":\"ListItem\",\"position\":2,\"name\":\"C\u00e9l\u00e9brer\",\"item\":\"https:\\\/\\\/www.paroisse-saintmartindelarisle.fr\\\/index.php\\\/celebrer\\\/\"},{\"@type\":\"ListItem\",\"position\":3,\"name\":\"Pr\u00e9paration au bapt\u00eame des enfants\"}]},{\"@type\":\"WebSite\",\"@id\":\"https:\\\/\\\/www.paroisse-saintmartindelarisle.fr\\\/#website\",\"url\":\"https:\\\/\\\/www.paroisse-saintmartindelarisle.fr\\\/\",\"name\":\"Paroisse Saint Martin de la Risle\",\"description\":\"\",\"publisher\":{\"@id\":\"https:\\\/\\\/www.paroisse-saintmartindelarisle.fr\\\/#organization\"},\"potentialAction\":[{\"@type\":\"SearchAction\",\"target\":{\"@type\":\"EntryPoint\",\"urlTemplate\":\"https:\\\/\\\/www.paroisse-saintmartindelarisle.fr\\\/?s={search_term_string}\"},\"query-input\":{\"@type\":\"PropertyValueSpecification\",\"valueRequired\":true,\"valueName\":\"search_term_string\"}}],\"inLanguage\":\"fr-FR\"},{\"@type\":\"Organization\",\"@id\":\"https:\\\/\\\/www.paroisse-saintmartindelarisle.fr\\\/#organization\",\"name\":\"Paroisse Saint Martin de la Risle\",\"url\":\"https:\\\/\\\/www.paroisse-saintmartindelarisle.fr\\\/\",\"logo\":{\"@type\":\"ImageObject\",\"inLanguage\":\"fr-FR\",\"@id\":\"https:\\\/\\\/www.paroisse-saintmartindelarisle.fr\\\/#\\\/schema\\\/logo\\\/image\\\/\",\"url\":\"http:\\\/\\\/www.paroisse-saintmartindelarisle.fr\\\/wp-content\\\/uploads\\\/2023\\\/03\\\/eglise.png\",\"contentUrl\":\"http:\\\/\\\/www.paroisse-saintmartindelarisle.fr\\\/wp-content\\\/uploads\\\/2023\\\/03\\\/eglise.png\",\"width\":640,\"height\":640,\"caption\":\"Paroisse Saint Martin de la Risle\"},\"image\":{\"@id\":\"https:\\\/\\\/www.paroisse-saintmartindelarisle.fr\\\/#\\\/schema\\\/logo\\\/image\\\/\"}}]}<\/script>\n<!-- \/ Yoast SEO plugin. -->","yoast_head_json":{"title":"Pr\u00e9paration au bapt\u00eame des enfants - Paroisse Saint Martin","robots":{"index":"index","follow":"follow","max-snippet":"max-snippet:-1","max-image-preview":"max-image-preview:large","max-video-preview":"max-video-preview:-1"},"canonical":"https:\/\/www.paroisse-saintmartindelarisle.fr\/index.php\/celebrer\/preparation-au-bapteme-des-enfants\/","og_locale":"fr_FR","og_type":"article","og_title":"Pr\u00e9paration au bapt\u00eame des enfants - Paroisse Saint Martin","og_description":"Vous souhaitez faire baptiser votre enfant&nbsp;? Lui donner l\u2019insigne honneur de devenir enfant de Dieu&nbsp;? Lui ouvrir la voie de la saintet\u00e9 comme Dieu son P\u00e8re est Saint&nbsp;? Il n\u2019y a pas d\u2019honneur plus grand&nbsp;! d\u2019amour plus authentique, de don plus merveilleux pour votre enfant. &nbsp;le Ciel s\u2019en r\u00e9jouit et toute l\u2019Eglise avec Lui. Un &hellip; Lire la suite de\u00ab\u00a0Pr\u00e9paration au bapt\u00eame des enfants\u00a0\u00bb","og_url":"https:\/\/www.paroisse-saintmartindelarisle.fr\/index.php\/celebrer\/preparation-au-bapteme-des-enfants\/","og_site_name":"Paroisse Saint Martin","article_modified_time":"2023-09-04T16:26:55+00:00","twitter_card":"summary_large_image","twitter_misc":{"Dur\u00e9e de lecture estim\u00e9e":"1 minute"},"schema":{"@context":"https:\/\/schema.org","@graph":[{"@type":"WebPage","@id":"https:\/\/www.paroisse-saintmartindelarisle.fr\/index.php\/celebrer\/preparation-au-bapteme-des-enfants\/","url":"https:\/\/www.paroisse-saintmartindelarisle.fr\/index.php\/celebrer\/preparation-au-bapteme-des-enfants\/","name":"Pr\u00e9paration au bapt\u00eame des enfants - Paroisse Saint Martin","isPartOf":{"@id":"https:\/\/www.paroisse-saintmartindelarisle.fr\/#website"},"datePublished":"2023-08-04T11:07:37+00:00","dateModified":"2023-09-04T16:26:55+00:00","breadcrumb":{"@id":"https:\/\/www.paroisse-saintmartindelarisle.fr\/index.php\/celebrer\/preparation-au-bapteme-des-enfants\/#breadcrumb"},"inLanguage":"fr-FR","potentialAction":[{"@type":"ReadAction","target":["https:\/\/www.paroisse-saintmartindelarisle.fr\/index.php\/celebrer\/preparation-au-bapteme-des-enfants\/"]}]},{"@type":"BreadcrumbList","@id":"https:\/\/www.paroisse-saintmartindelarisle.fr\/index.php\/celebrer\/preparation-au-bapteme-des-enfants\/#breadcrumb","itemListElement":[{"@type":"ListItem","position":1,"name":"Accueil","item":"https:\/\/www.paroisse-saintmartindelarisle.fr\/"},{"@type":"ListItem","position":2,"name":"C\u00e9l\u00e9brer","item":"https:\/\/www.paroisse-saintmartindelarisle.fr\/index.php\/celebrer\/"},{"@type":"ListItem","position":3,"name":"Pr\u00e9paration au bapt\u00eame des enfants"}]},{"@type":"WebSite","@id":"https:\/\/www.paroisse-saintmartindelarisle.fr\/#website","url":"https:\/\/www.paroisse-saintmartindelarisle.fr\/","name":"Paroisse Saint Martin de la Risle","description":"","publisher":{"@id":"https:\/\/www.paroisse-saintmartindelarisle.fr\/#organization"},"potentialAction":[{"@type":"SearchAction","target":{"@type":"EntryPoint","urlTemplate":"https:\/\/www.paroisse-saintmartindelarisle.fr\/?s={search_term_string}"},"query-input":{"@type":"PropertyValueSpecification","valueRequired":true,"valueName":"search_term_string"}}],"inLanguage":"fr-FR"},{"@type":"Organization","@id":"https:\/\/www.paroisse-saintmartindelarisle.fr\/#organization","name":"Paroisse Saint Martin de la Risle","url":"https:\/\/www.paroisse-saintmartindelarisle.fr\/","logo":{"@type":"ImageObject","inLanguage":"fr-FR","@id":"https:\/\/www.paroisse-saintmartindelarisle.fr\/#\/schema\/logo\/image\/","url":"http:\/\/www.paroisse-saintmartindelarisle.fr\/wp-content\/uploads\/2023\/03\/eglise.png","contentUrl":"http:\/\/www.paroisse-saintmartindelarisle.fr\/wp-content\/uploads\/2023\/03\/eglise.png","width":640,"height":640,"caption":"Paroisse Saint Martin de la Risle"},"image":{"@id":"https:\/\/www.paroisse-saintmartindelarisle.fr\/#\/schema\/logo\/image\/"}}]}},"_links":{"self":[{"href":"https:\/\/www.paroisse-saintmartindelarisle.fr\/index.php\/wp-json\/wp\/v2\/pages\/227","targetHints":{"allow":["GET"]}}],"collection":[{"href":"https:\/\/www.paroisse-saintmartindelarisle.fr\/index.php\/wp-json\/wp\/v2\/pages"}],"about":[{"href":"https:\/\/www.paroisse-saintmartindelarisle.fr\/index.php\/wp-json\/wp\/v2\/types\/page"}],"author":[{"embeddable":true,"href":"https:\/\/www.paroisse-saintmartindelarisle.fr\/index.php\/wp-json\/wp\/v2\/users\/1"}],"replies":[{"embeddable":true,"href":"https:\/\/www.paroisse-saintmartindelarisle.fr\/index.php\/wp-json\/wp\/v2\/comments?post=227"}],"version-history":[{"count":3,"href":"https:\/\/www.paroisse-saintmartindelarisle.fr\/index.php\/wp-json\/wp\/v2\/pages\/227\/revisions"}],"predecessor-version":[{"id":240,"href":"https:\/\/www.paroisse-saintmartindelarisle.fr\/index.php\/wp-json\/wp\/v2\/pages\/227\/revisions\/240"}],"up":[{"embeddable":true,"href":"https:\/\/www.paroisse-saintmartindelarisle.fr\/index.php\/wp-json\/wp\/v2\/pages\/236"}],"wp:attachment":[{"href":"https:\/\/www.paroisse-saintmartindelarisle.fr\/index.php\/wp-json\/wp\/v2\/media?parent=227"}],"curies":[{"name":"wp","href":"https:\/\/api.w.org\/{rel}","templated":true}]}}