{"id":25,"date":"2023-03-11T14:21:07","date_gmt":"2023-03-11T13:21:07","guid":{"rendered":"http:\/\/bhitele.cluster027.hosting.ovh.net\/?page_id=25"},"modified":"2025-09-01T15:21:26","modified_gmt":"2025-09-01T13:21:26","slug":"contact","status":"publish","type":"page","link":"https:\/\/www.paroisse-saintmartindelarisle.fr\/index.php\/contact\/","title":{"rendered":"Contact"},"content":{"rendered":"\n<p><strong>Adresse la cure :<\/strong><br>11, place Fr\u00e9mont des Essarts 27 800 BRIONNE<\/p>\n\n\n\n<p><strong>Accueil paroissial :<\/strong><br>Lundi et mercredi de 9h30 \u00e0 12h30 par la secr\u00e9taire paroissiale<br>Jeudi de 10h \u00e0 12h par un membre de l&rsquo;\u00e9quipe d&rsquo;accueil<br>Vendredi de 15h00 \u00e0 17h00 par un membre de l&rsquo;\u00e9quipe d&rsquo;accueil<\/p>\n\n\n\n<p><\/p>\n\n\n\n<p><\/p>\n\n\n\n<p>T\u00e9l. 02-32-44-81-88<\/p>\n\n\n\n<p>&nbsp;<strong>Accueil par un pr\u00eatre<\/strong><br>\u00c9coute et\/ou confession&nbsp;: tous les jeudis de 15h00 \u00e0 17h00 ou sur rendez-vous.&nbsp;&nbsp;&nbsp;&nbsp;&nbsp;&nbsp;&nbsp;&nbsp;&nbsp;&nbsp;&nbsp;&nbsp;&nbsp;&nbsp;&nbsp;&nbsp;&nbsp;&nbsp;&nbsp;&nbsp;&nbsp;&nbsp;&nbsp;&nbsp;&nbsp;&nbsp;&nbsp;&nbsp;&nbsp;&nbsp;&nbsp;&nbsp;&nbsp;&nbsp;&nbsp;&nbsp;&nbsp;&nbsp;&nbsp;&nbsp;&nbsp;&nbsp;&nbsp;&nbsp;&nbsp;<\/p>\n\n\n\n<h2 class=\"wp-block-heading\">Contactez la paroisse<\/h2>\n\n\n<style id=\"wpforms-css-vars-149-block-ce27c61e-b3a2-4e78-a336-ff228602cf80\">\n\t\t\t\t#wpforms-149.wpforms-block-ce27c61e-b3a2-4e78-a336-ff228602cf80 {\n\t\t\t\t--wpforms-field-size-input-height: 43px;\n--wpforms-field-size-input-spacing: 15px;\n--wpforms-field-size-font-size: 16px;\n--wpforms-field-size-line-height: 19px;\n--wpforms-field-size-padding-h: 14px;\n--wpforms-field-size-checkbox-size: 16px;\n--wpforms-field-size-sublabel-spacing: 5px;\n--wpforms-field-size-icon-size: 1;\n--wpforms-label-size-font-size: 16px;\n--wpforms-label-size-line-height: 19px;\n--wpforms-label-size-sublabel-font-size: 14px;\n--wpforms-label-size-sublabel-line-height: 17px;\n--wpforms-button-size-font-size: 17px;\n--wpforms-button-size-height: 41px;\n--wpforms-button-size-padding-h: 15px;\n--wpforms-button-size-margin-top: 10px;\n\t\t\t}\n\t\t\t<\/style><div class=\"wpforms-container wpforms-container-full wpforms-block wpforms-block-ce27c61e-b3a2-4e78-a336-ff228602cf80 wpforms-render-modern\" id=\"wpforms-149\"><form id=\"wpforms-form-149\" class=\"wpforms-validate wpforms-form wpforms-ajax-form\" data-formid=\"149\" method=\"post\" enctype=\"multipart\/form-data\" action=\"\/index.php\/wp-json\/wp\/v2\/pages\/25\" data-token=\"8aecaff43d59d13211a9729de611b12f\" data-token-time=\"1776208589\"><noscript class=\"wpforms-error-noscript\">Veuillez activer JavaScript dans votre navigateur pour remplir ce formulaire.<\/noscript><div id=\"wpforms-error-noscript\" style=\"display: none;\">Veuillez activer JavaScript dans votre navigateur pour remplir ce formulaire.<\/div><div class=\"wpforms-field-container\"><div id=\"wpforms-149-field_0-container\" class=\"wpforms-field wpforms-field-name\" data-field-id=\"0\"><fieldset><legend class=\"wpforms-field-label\">Nom <span class=\"wpforms-required-label\" aria-hidden=\"true\">*<\/span><\/legend><div class=\"wpforms-field-row wpforms-field-medium\"><div class=\"wpforms-field-row-block wpforms-first wpforms-one-half\"><input type=\"text\" id=\"wpforms-149-field_0\" class=\"wpforms-field-name-first wpforms-field-required\" name=\"wpforms[fields][0][first]\" aria-errormessage=\"wpforms-149-field_0-error\" required><label for=\"wpforms-149-field_0\" class=\"wpforms-field-sublabel after\">Pr\u00e9nom<\/label><\/div><div class=\"wpforms-field-row-block wpforms-one-half\"><input type=\"text\" id=\"wpforms-149-field_0-last\" class=\"wpforms-field-name-last wpforms-field-required\" name=\"wpforms[fields][0][last]\" aria-errormessage=\"wpforms-149-field_0-last-error\" required><label for=\"wpforms-149-field_0-last\" class=\"wpforms-field-sublabel after\">Nom<\/label><\/div><\/div><\/fieldset><\/div><div id=\"wpforms-149-field_1-container\" class=\"wpforms-field wpforms-field-email\" data-field-id=\"1\"><label class=\"wpforms-field-label\" for=\"wpforms-149-field_1\">E-mail <span class=\"wpforms-required-label\" aria-hidden=\"true\">*<\/span><\/label><input type=\"email\" id=\"wpforms-149-field_1\" class=\"wpforms-field-medium wpforms-field-required\" name=\"wpforms[fields][1]\" spellcheck=\"false\" aria-errormessage=\"wpforms-149-field_1-error\" required><\/div><div id=\"wpforms-149-field_2-container\" class=\"wpforms-field wpforms-field-textarea\" data-field-id=\"2\"><label class=\"wpforms-field-label\" for=\"wpforms-149-field_2\">Commentaire ou message<\/label><textarea id=\"wpforms-149-field_2\" class=\"wpforms-field-medium\" name=\"wpforms[fields][2]\" aria-errormessage=\"wpforms-149-field_2-error\" ><\/textarea><\/div><\/div><!-- .wpforms-field-container --><div class=\"wpforms-submit-container\" ><input type=\"hidden\" name=\"wpforms[id]\" value=\"149\"><input type=\"hidden\" name=\"page_title\" value=\"\"><input type=\"hidden\" name=\"page_url\" value=\"https:\/\/www.paroisse-saintmartindelarisle.fr\/index.php\/wp-json\/wp\/v2\/pages\/25\"><input type=\"hidden\" name=\"url_referer\" value=\"\"><button type=\"submit\" name=\"wpforms[submit]\" id=\"wpforms-submit-149\" class=\"wpforms-submit\" data-alt-text=\"Envoi...\" data-submit-text=\"Envoyer\" aria-live=\"assertive\" value=\"wpforms-submit\">Envoyer<\/button><img loading=\"lazy\" decoding=\"async\" src=\"https:\/\/www.paroisse-saintmartindelarisle.fr\/wp-content\/plugins\/wpforms-lite\/assets\/images\/submit-spin.svg\" class=\"wpforms-submit-spinner\" style=\"display: none;\" width=\"26\" height=\"26\" alt=\"Chargement en cours\"><\/div><\/form><\/div>  <!-- .wpforms-container -->\n\n\n<hr class=\"wp-block-separator alignwide has-alpha-channel-opacity\"\/>\n\n\n\n<p><\/p>\n\n\n\n<p><a href=\"mailto:juliette.letellier@yahoo.com\">Contacter le webmaster<\/a><\/p>\n\n\n\n<h2 class=\"wp-block-heading\">Inscription \u00e0 la Newsletter mensuelle<\/h2>\n\n\n<style id=\"wpforms-css-vars-341-block-a15dcf0a-21af-4fe4-9e25-a1bd54a891cb\">\n\t\t\t\t#wpforms-341.wpforms-block-a15dcf0a-21af-4fe4-9e25-a1bd54a891cb {\n\t\t\t\t--wpforms-field-size-input-height: 43px;\n--wpforms-field-size-input-spacing: 15px;\n--wpforms-field-size-font-size: 16px;\n--wpforms-field-size-line-height: 19px;\n--wpforms-field-size-padding-h: 14px;\n--wpforms-field-size-checkbox-size: 16px;\n--wpforms-field-size-sublabel-spacing: 5px;\n--wpforms-field-size-icon-size: 1;\n--wpforms-label-size-font-size: 16px;\n--wpforms-label-size-line-height: 19px;\n--wpforms-label-size-sublabel-font-size: 14px;\n--wpforms-label-size-sublabel-line-height: 17px;\n--wpforms-button-size-font-size: 17px;\n--wpforms-button-size-height: 41px;\n--wpforms-button-size-padding-h: 15px;\n--wpforms-button-size-margin-top: 10px;\n\t\t\t}\n\t\t\t<\/style><div class=\"wpforms-container wpforms-container-full wpforms-block wpforms-block-a15dcf0a-21af-4fe4-9e25-a1bd54a891cb wpforms-render-modern\" id=\"wpforms-341\"><form id=\"wpforms-form-341\" class=\"wpforms-validate wpforms-form wpforms-ajax-form\" data-formid=\"341\" method=\"post\" enctype=\"multipart\/form-data\" action=\"\/index.php\/wp-json\/wp\/v2\/pages\/25\" data-token=\"85efda932e2f738f20f0b50a3a7f5ad0\" data-token-time=\"1776208589\"><noscript class=\"wpforms-error-noscript\">Veuillez activer JavaScript dans votre navigateur pour remplir ce formulaire.<\/noscript><div id=\"wpforms-error-noscript\" style=\"display: none;\">Veuillez activer JavaScript dans votre navigateur pour remplir ce formulaire.<\/div><div class=\"wpforms-field-container\"><div id=\"wpforms-341-field_1-container\" class=\"wpforms-field wpforms-field-name\" data-field-id=\"1\"><fieldset><legend class=\"wpforms-field-label\">Nom <span class=\"wpforms-required-label\" aria-hidden=\"true\">*<\/span><\/legend><div class=\"wpforms-field-row wpforms-field-medium\"><div class=\"wpforms-field-row-block wpforms-first wpforms-one-half\"><input type=\"text\" id=\"wpforms-341-field_1\" class=\"wpforms-field-name-first wpforms-field-required\" name=\"wpforms[fields][1][first]\" aria-errormessage=\"wpforms-341-field_1-error\" required><label for=\"wpforms-341-field_1\" class=\"wpforms-field-sublabel after\">Pr\u00e9nom<\/label><\/div><div class=\"wpforms-field-row-block wpforms-one-half\"><input type=\"text\" id=\"wpforms-341-field_1-last\" class=\"wpforms-field-name-last wpforms-field-required\" name=\"wpforms[fields][1][last]\" aria-errormessage=\"wpforms-341-field_1-last-error\" required><label for=\"wpforms-341-field_1-last\" class=\"wpforms-field-sublabel after\">Nom<\/label><\/div><\/div><\/fieldset><\/div><div id=\"wpforms-341-field_2-container\" class=\"wpforms-field wpforms-field-email\" data-field-id=\"2\"><label class=\"wpforms-field-label\" for=\"wpforms-341-field_2\">Email <span class=\"wpforms-required-label\" aria-hidden=\"true\">*<\/span><\/label><input type=\"email\" id=\"wpforms-341-field_2\" class=\"wpforms-field-medium wpforms-field-required\" name=\"wpforms[fields][2]\" spellcheck=\"false\" aria-errormessage=\"wpforms-341-field_2-error\" required><\/div><\/div><!-- .wpforms-field-container --><div class=\"wpforms-submit-container\" ><input type=\"hidden\" name=\"wpforms[id]\" value=\"341\"><input type=\"hidden\" name=\"page_title\" value=\"\"><input type=\"hidden\" name=\"page_url\" value=\"https:\/\/www.paroisse-saintmartindelarisle.fr\/index.php\/wp-json\/wp\/v2\/pages\/25\"><input type=\"hidden\" name=\"url_referer\" value=\"\"><button type=\"submit\" name=\"wpforms[submit]\" id=\"wpforms-submit-341\" class=\"wpforms-submit\" data-alt-text=\"Sending...\" data-submit-text=\"Envoyer\" aria-live=\"assertive\" value=\"wpforms-submit\">Envoyer<\/button><img loading=\"lazy\" decoding=\"async\" src=\"https:\/\/www.paroisse-saintmartindelarisle.fr\/wp-content\/plugins\/wpforms-lite\/assets\/images\/submit-spin.svg\" class=\"wpforms-submit-spinner\" style=\"display: none;\" width=\"26\" height=\"26\" alt=\"Chargement en cours\"><\/div><\/form><\/div>  <!-- .wpforms-container -->","protected":false},"excerpt":{"rendered":"<p>Adresse la cure :11, place Fr\u00e9mont des Essarts 27 800 BRIONNE Accueil paroissial :Lundi et mercredi de 9h30 \u00e0 12h30 par la secr\u00e9taire paroissialeJeudi de 10h \u00e0 12h par un membre de l&rsquo;\u00e9quipe d&rsquo;accueilVendredi de 15h00 \u00e0 17h00 par un membre de l&rsquo;\u00e9quipe d&rsquo;accueil T\u00e9l. 02-32-44-81-88 &nbsp;Accueil par un pr\u00eatre\u00c9coute et\/ou confession&nbsp;: tous les jeudis &hellip; <\/p>\n<p class=\"link-more\"><a href=\"https:\/\/www.paroisse-saintmartindelarisle.fr\/index.php\/contact\/\" class=\"more-link\">Lire la suite de<span class=\"screen-reader-text\">\u00ab\u00a0Contact\u00a0\u00bb<\/span><\/a><\/p>\n","protected":false},"author":1,"featured_media":0,"parent":0,"menu_order":0,"comment_status":"closed","ping_status":"closed","template":"","meta":{"iawp_total_views":631,"_mc_calendar":[],"footnotes":""},"class_list":["post-25","page","type-page","status-publish","hentry"],"yoast_head":"<!-- This site is optimized with the Yoast SEO plugin v27.4 - https:\/\/yoast.com\/product\/yoast-seo-wordpress\/ -->\n<title>Contact - Paroisse Saint Martin<\/title>\n<meta name=\"robots\" content=\"index, follow, max-snippet:-1, max-image-preview:large, max-video-preview:-1\" \/>\n<link rel=\"canonical\" href=\"https:\/\/www.paroisse-saintmartindelarisle.fr\/index.php\/contact\/\" \/>\n<meta property=\"og:locale\" content=\"fr_FR\" \/>\n<meta property=\"og:type\" content=\"article\" \/>\n<meta property=\"og:title\" content=\"Contact - Paroisse Saint Martin\" \/>\n<meta property=\"og:description\" content=\"Adresse la cure :11, place Fr\u00e9mont des Essarts 27 800 BRIONNE Accueil paroissial :Lundi et mercredi de 9h30 \u00e0 12h30 par la secr\u00e9taire paroissialeJeudi de 10h \u00e0 12h par un membre de l&rsquo;\u00e9quipe d&rsquo;accueilVendredi de 15h00 \u00e0 17h00 par un membre de l&rsquo;\u00e9quipe d&rsquo;accueil T\u00e9l. 02-32-44-81-88 &nbsp;Accueil par un pr\u00eatre\u00c9coute et\/ou confession&nbsp;: tous les jeudis &hellip; Lire la suite de\u00ab\u00a0Contact\u00a0\u00bb\" \/>\n<meta property=\"og:url\" content=\"https:\/\/www.paroisse-saintmartindelarisle.fr\/index.php\/contact\/\" \/>\n<meta property=\"og:site_name\" content=\"Paroisse Saint Martin\" \/>\n<meta property=\"article:modified_time\" content=\"2025-09-01T13:21:26+00:00\" \/>\n<meta name=\"twitter:card\" content=\"summary_large_image\" \/>\n<meta name=\"twitter:label1\" content=\"Dur\u00e9e de lecture estim\u00e9e\" \/>\n\t<meta name=\"twitter:data1\" content=\"1 minute\" \/>\n<script type=\"application\/ld+json\" class=\"yoast-schema-graph\">{\"@context\":\"https:\\\/\\\/schema.org\",\"@graph\":[{\"@type\":\"WebPage\",\"@id\":\"https:\\\/\\\/www.paroisse-saintmartindelarisle.fr\\\/index.php\\\/contact\\\/\",\"url\":\"https:\\\/\\\/www.paroisse-saintmartindelarisle.fr\\\/index.php\\\/contact\\\/\",\"name\":\"Contact - Paroisse Saint Martin\",\"isPartOf\":{\"@id\":\"https:\\\/\\\/www.paroisse-saintmartindelarisle.fr\\\/#website\"},\"datePublished\":\"2023-03-11T13:21:07+00:00\",\"dateModified\":\"2025-09-01T13:21:26+00:00\",\"breadcrumb\":{\"@id\":\"https:\\\/\\\/www.paroisse-saintmartindelarisle.fr\\\/index.php\\\/contact\\\/#breadcrumb\"},\"inLanguage\":\"fr-FR\",\"potentialAction\":[{\"@type\":\"ReadAction\",\"target\":[\"https:\\\/\\\/www.paroisse-saintmartindelarisle.fr\\\/index.php\\\/contact\\\/\"]}]},{\"@type\":\"BreadcrumbList\",\"@id\":\"https:\\\/\\\/www.paroisse-saintmartindelarisle.fr\\\/index.php\\\/contact\\\/#breadcrumb\",\"itemListElement\":[{\"@type\":\"ListItem\",\"position\":1,\"name\":\"Accueil\",\"item\":\"https:\\\/\\\/www.paroisse-saintmartindelarisle.fr\\\/\"},{\"@type\":\"ListItem\",\"position\":2,\"name\":\"Contact\"}]},{\"@type\":\"WebSite\",\"@id\":\"https:\\\/\\\/www.paroisse-saintmartindelarisle.fr\\\/#website\",\"url\":\"https:\\\/\\\/www.paroisse-saintmartindelarisle.fr\\\/\",\"name\":\"Paroisse Saint Martin de la Risle\",\"description\":\"\",\"publisher\":{\"@id\":\"https:\\\/\\\/www.paroisse-saintmartindelarisle.fr\\\/#organization\"},\"potentialAction\":[{\"@type\":\"SearchAction\",\"target\":{\"@type\":\"EntryPoint\",\"urlTemplate\":\"https:\\\/\\\/www.paroisse-saintmartindelarisle.fr\\\/?s={search_term_string}\"},\"query-input\":{\"@type\":\"PropertyValueSpecification\",\"valueRequired\":true,\"valueName\":\"search_term_string\"}}],\"inLanguage\":\"fr-FR\"},{\"@type\":\"Organization\",\"@id\":\"https:\\\/\\\/www.paroisse-saintmartindelarisle.fr\\\/#organization\",\"name\":\"Paroisse Saint Martin de la Risle\",\"url\":\"https:\\\/\\\/www.paroisse-saintmartindelarisle.fr\\\/\",\"logo\":{\"@type\":\"ImageObject\",\"inLanguage\":\"fr-FR\",\"@id\":\"https:\\\/\\\/www.paroisse-saintmartindelarisle.fr\\\/#\\\/schema\\\/logo\\\/image\\\/\",\"url\":\"http:\\\/\\\/www.paroisse-saintmartindelarisle.fr\\\/wp-content\\\/uploads\\\/2023\\\/03\\\/eglise.png\",\"contentUrl\":\"http:\\\/\\\/www.paroisse-saintmartindelarisle.fr\\\/wp-content\\\/uploads\\\/2023\\\/03\\\/eglise.png\",\"width\":640,\"height\":640,\"caption\":\"Paroisse Saint Martin de la Risle\"},\"image\":{\"@id\":\"https:\\\/\\\/www.paroisse-saintmartindelarisle.fr\\\/#\\\/schema\\\/logo\\\/image\\\/\"}}]}<\/script>\n<!-- \/ Yoast SEO plugin. -->","yoast_head_json":{"title":"Contact - Paroisse Saint Martin","robots":{"index":"index","follow":"follow","max-snippet":"max-snippet:-1","max-image-preview":"max-image-preview:large","max-video-preview":"max-video-preview:-1"},"canonical":"https:\/\/www.paroisse-saintmartindelarisle.fr\/index.php\/contact\/","og_locale":"fr_FR","og_type":"article","og_title":"Contact - Paroisse Saint Martin","og_description":"Adresse la cure :11, place Fr\u00e9mont des Essarts 27 800 BRIONNE Accueil paroissial :Lundi et mercredi de 9h30 \u00e0 12h30 par la secr\u00e9taire paroissialeJeudi de 10h \u00e0 12h par un membre de l&rsquo;\u00e9quipe d&rsquo;accueilVendredi de 15h00 \u00e0 17h00 par un membre de l&rsquo;\u00e9quipe d&rsquo;accueil T\u00e9l. 02-32-44-81-88 &nbsp;Accueil par un pr\u00eatre\u00c9coute et\/ou confession&nbsp;: tous les jeudis &hellip; Lire la suite de\u00ab\u00a0Contact\u00a0\u00bb","og_url":"https:\/\/www.paroisse-saintmartindelarisle.fr\/index.php\/contact\/","og_site_name":"Paroisse Saint Martin","article_modified_time":"2025-09-01T13:21:26+00:00","twitter_card":"summary_large_image","twitter_misc":{"Dur\u00e9e de lecture estim\u00e9e":"1 minute"},"schema":{"@context":"https:\/\/schema.org","@graph":[{"@type":"WebPage","@id":"https:\/\/www.paroisse-saintmartindelarisle.fr\/index.php\/contact\/","url":"https:\/\/www.paroisse-saintmartindelarisle.fr\/index.php\/contact\/","name":"Contact - Paroisse Saint Martin","isPartOf":{"@id":"https:\/\/www.paroisse-saintmartindelarisle.fr\/#website"},"datePublished":"2023-03-11T13:21:07+00:00","dateModified":"2025-09-01T13:21:26+00:00","breadcrumb":{"@id":"https:\/\/www.paroisse-saintmartindelarisle.fr\/index.php\/contact\/#breadcrumb"},"inLanguage":"fr-FR","potentialAction":[{"@type":"ReadAction","target":["https:\/\/www.paroisse-saintmartindelarisle.fr\/index.php\/contact\/"]}]},{"@type":"BreadcrumbList","@id":"https:\/\/www.paroisse-saintmartindelarisle.fr\/index.php\/contact\/#breadcrumb","itemListElement":[{"@type":"ListItem","position":1,"name":"Accueil","item":"https:\/\/www.paroisse-saintmartindelarisle.fr\/"},{"@type":"ListItem","position":2,"name":"Contact"}]},{"@type":"WebSite","@id":"https:\/\/www.paroisse-saintmartindelarisle.fr\/#website","url":"https:\/\/www.paroisse-saintmartindelarisle.fr\/","name":"Paroisse Saint Martin de la Risle","description":"","publisher":{"@id":"https:\/\/www.paroisse-saintmartindelarisle.fr\/#organization"},"potentialAction":[{"@type":"SearchAction","target":{"@type":"EntryPoint","urlTemplate":"https:\/\/www.paroisse-saintmartindelarisle.fr\/?s={search_term_string}"},"query-input":{"@type":"PropertyValueSpecification","valueRequired":true,"valueName":"search_term_string"}}],"inLanguage":"fr-FR"},{"@type":"Organization","@id":"https:\/\/www.paroisse-saintmartindelarisle.fr\/#organization","name":"Paroisse Saint Martin de la Risle","url":"https:\/\/www.paroisse-saintmartindelarisle.fr\/","logo":{"@type":"ImageObject","inLanguage":"fr-FR","@id":"https:\/\/www.paroisse-saintmartindelarisle.fr\/#\/schema\/logo\/image\/","url":"http:\/\/www.paroisse-saintmartindelarisle.fr\/wp-content\/uploads\/2023\/03\/eglise.png","contentUrl":"http:\/\/www.paroisse-saintmartindelarisle.fr\/wp-content\/uploads\/2023\/03\/eglise.png","width":640,"height":640,"caption":"Paroisse Saint Martin de la Risle"},"image":{"@id":"https:\/\/www.paroisse-saintmartindelarisle.fr\/#\/schema\/logo\/image\/"}}]}},"_links":{"self":[{"href":"https:\/\/www.paroisse-saintmartindelarisle.fr\/index.php\/wp-json\/wp\/v2\/pages\/25","targetHints":{"allow":["GET"]}}],"collection":[{"href":"https:\/\/www.paroisse-saintmartindelarisle.fr\/index.php\/wp-json\/wp\/v2\/pages"}],"about":[{"href":"https:\/\/www.paroisse-saintmartindelarisle.fr\/index.php\/wp-json\/wp\/v2\/types\/page"}],"author":[{"embeddable":true,"href":"https:\/\/www.paroisse-saintmartindelarisle.fr\/index.php\/wp-json\/wp\/v2\/users\/1"}],"replies":[{"embeddable":true,"href":"https:\/\/www.paroisse-saintmartindelarisle.fr\/index.php\/wp-json\/wp\/v2\/comments?post=25"}],"version-history":[{"count":17,"href":"https:\/\/www.paroisse-saintmartindelarisle.fr\/index.php\/wp-json\/wp\/v2\/pages\/25\/revisions"}],"predecessor-version":[{"id":688,"href":"https:\/\/www.paroisse-saintmartindelarisle.fr\/index.php\/wp-json\/wp\/v2\/pages\/25\/revisions\/688"}],"wp:attachment":[{"href":"https:\/\/www.paroisse-saintmartindelarisle.fr\/index.php\/wp-json\/wp\/v2\/media?parent=25"}],"curies":[{"name":"wp","href":"https:\/\/api.w.org\/{rel}","templated":true}]}}