{"id":304,"date":"2023-09-04T18:10:22","date_gmt":"2023-09-04T16:10:22","guid":{"rendered":"http:\/\/www.paroisse-saintmartindelarisle.fr\/?page_id=304"},"modified":"2023-09-04T18:24:37","modified_gmt":"2023-09-04T16:24:37","slug":"eveil-a-la-foi","status":"publish","type":"page","link":"https:\/\/www.paroisse-saintmartindelarisle.fr\/index.php\/annoncer\/eveil-a-la-foi\/","title":{"rendered":"\u00c9veil \u00e0 la foi"},"content":{"rendered":"\n<p>L\u2019\u00e9veil \u00e0 la foi en paroisse est une \u00e9tape vers le cat\u00e9chisme. Elle s\u2019adresse aux enfants de moins de sept ans (entre 3,5 ans et 7 ans).<\/p>\n\n\n\n<p>En attendant de pouvoir faire plus les enfants sont accueillis une fois par mois pendant la messe de 10h30 en l\u2019\u00e9glise de Brionne.<\/p>\n\n\n\n<p>Afin d&rsquo;\u00eatre en continuit\u00e9 avec l\u2019\u00e9veil de la foi commenc\u00e9 en famille, l\u2019\u00e9quipe souhaite fortement la pr\u00e9sence des parents aux diff\u00e9rentes s\u00e9ances.<\/p>\n\n\n\n<p><a href=\"http:\/\/www.paroisse-saintmartindelarisle.fr\/index.php\/contact\/\">Contacter la paroisse<\/a><\/p>\n","protected":false},"excerpt":{"rendered":"<p>L\u2019\u00e9veil \u00e0 la foi en paroisse est une \u00e9tape vers le cat\u00e9chisme. Elle s\u2019adresse aux enfants de moins de sept ans (entre 3,5 ans et 7 ans). En attendant de pouvoir faire plus les enfants sont accueillis une fois par mois pendant la messe de 10h30 en l\u2019\u00e9glise de Brionne. Afin d&rsquo;\u00eatre en continuit\u00e9 avec &hellip; <\/p>\n<p class=\"link-more\"><a href=\"https:\/\/www.paroisse-saintmartindelarisle.fr\/index.php\/annoncer\/eveil-a-la-foi\/\" class=\"more-link\">Lire la suite de<span class=\"screen-reader-text\">\u00ab\u00a0\u00c9veil \u00e0 la foi\u00a0\u00bb<\/span><\/a><\/p>\n","protected":false},"author":1,"featured_media":0,"parent":185,"menu_order":0,"comment_status":"closed","ping_status":"closed","template":"","meta":{"iawp_total_views":34,"_mc_calendar":[],"footnotes":""},"class_list":["post-304","page","type-page","status-publish","hentry"],"yoast_head":"<!-- This site is optimized with the Yoast SEO plugin v27.4 - https:\/\/yoast.com\/product\/yoast-seo-wordpress\/ -->\n<title>\u00c9veil \u00e0 la foi - Paroisse Saint Martin<\/title>\n<meta name=\"robots\" content=\"index, follow, max-snippet:-1, max-image-preview:large, max-video-preview:-1\" \/>\n<link rel=\"canonical\" href=\"https:\/\/www.paroisse-saintmartindelarisle.fr\/index.php\/annoncer\/eveil-a-la-foi\/\" \/>\n<meta property=\"og:locale\" content=\"fr_FR\" \/>\n<meta property=\"og:type\" content=\"article\" \/>\n<meta property=\"og:title\" content=\"\u00c9veil \u00e0 la foi - Paroisse Saint Martin\" \/>\n<meta property=\"og:description\" content=\"L\u2019\u00e9veil \u00e0 la foi en paroisse est une \u00e9tape vers le cat\u00e9chisme. Elle s\u2019adresse aux enfants de moins de sept ans (entre 3,5 ans et 7 ans). En attendant de pouvoir faire plus les enfants sont accueillis une fois par mois pendant la messe de 10h30 en l\u2019\u00e9glise de Brionne. Afin d&rsquo;\u00eatre en continuit\u00e9 avec &hellip; Lire la suite de\u00ab\u00a0\u00c9veil \u00e0 la foi\u00a0\u00bb\" \/>\n<meta property=\"og:url\" content=\"https:\/\/www.paroisse-saintmartindelarisle.fr\/index.php\/annoncer\/eveil-a-la-foi\/\" \/>\n<meta property=\"og:site_name\" content=\"Paroisse Saint Martin\" \/>\n<meta property=\"article:modified_time\" content=\"2023-09-04T16:24:37+00:00\" \/>\n<meta name=\"twitter:card\" content=\"summary_large_image\" \/>\n<script type=\"application\/ld+json\" class=\"yoast-schema-graph\">{\"@context\":\"https:\\\/\\\/schema.org\",\"@graph\":[{\"@type\":\"WebPage\",\"@id\":\"https:\\\/\\\/www.paroisse-saintmartindelarisle.fr\\\/index.php\\\/annoncer\\\/eveil-a-la-foi\\\/\",\"url\":\"https:\\\/\\\/www.paroisse-saintmartindelarisle.fr\\\/index.php\\\/annoncer\\\/eveil-a-la-foi\\\/\",\"name\":\"\u00c9veil \u00e0 la foi - Paroisse Saint Martin\",\"isPartOf\":{\"@id\":\"https:\\\/\\\/www.paroisse-saintmartindelarisle.fr\\\/#website\"},\"datePublished\":\"2023-09-04T16:10:22+00:00\",\"dateModified\":\"2023-09-04T16:24:37+00:00\",\"breadcrumb\":{\"@id\":\"https:\\\/\\\/www.paroisse-saintmartindelarisle.fr\\\/index.php\\\/annoncer\\\/eveil-a-la-foi\\\/#breadcrumb\"},\"inLanguage\":\"fr-FR\",\"potentialAction\":[{\"@type\":\"ReadAction\",\"target\":[\"https:\\\/\\\/www.paroisse-saintmartindelarisle.fr\\\/index.php\\\/annoncer\\\/eveil-a-la-foi\\\/\"]}]},{\"@type\":\"BreadcrumbList\",\"@id\":\"https:\\\/\\\/www.paroisse-saintmartindelarisle.fr\\\/index.php\\\/annoncer\\\/eveil-a-la-foi\\\/#breadcrumb\",\"itemListElement\":[{\"@type\":\"ListItem\",\"position\":1,\"name\":\"Accueil\",\"item\":\"https:\\\/\\\/www.paroisse-saintmartindelarisle.fr\\\/\"},{\"@type\":\"ListItem\",\"position\":2,\"name\":\"Annoncer\",\"item\":\"https:\\\/\\\/www.paroisse-saintmartindelarisle.fr\\\/index.php\\\/annoncer\\\/\"},{\"@type\":\"ListItem\",\"position\":3,\"name\":\"\u00c9veil \u00e0 la foi\"}]},{\"@type\":\"WebSite\",\"@id\":\"https:\\\/\\\/www.paroisse-saintmartindelarisle.fr\\\/#website\",\"url\":\"https:\\\/\\\/www.paroisse-saintmartindelarisle.fr\\\/\",\"name\":\"Paroisse Saint Martin de la Risle\",\"description\":\"\",\"publisher\":{\"@id\":\"https:\\\/\\\/www.paroisse-saintmartindelarisle.fr\\\/#organization\"},\"potentialAction\":[{\"@type\":\"SearchAction\",\"target\":{\"@type\":\"EntryPoint\",\"urlTemplate\":\"https:\\\/\\\/www.paroisse-saintmartindelarisle.fr\\\/?s={search_term_string}\"},\"query-input\":{\"@type\":\"PropertyValueSpecification\",\"valueRequired\":true,\"valueName\":\"search_term_string\"}}],\"inLanguage\":\"fr-FR\"},{\"@type\":\"Organization\",\"@id\":\"https:\\\/\\\/www.paroisse-saintmartindelarisle.fr\\\/#organization\",\"name\":\"Paroisse Saint Martin de la Risle\",\"url\":\"https:\\\/\\\/www.paroisse-saintmartindelarisle.fr\\\/\",\"logo\":{\"@type\":\"ImageObject\",\"inLanguage\":\"fr-FR\",\"@id\":\"https:\\\/\\\/www.paroisse-saintmartindelarisle.fr\\\/#\\\/schema\\\/logo\\\/image\\\/\",\"url\":\"http:\\\/\\\/www.paroisse-saintmartindelarisle.fr\\\/wp-content\\\/uploads\\\/2023\\\/03\\\/eglise.png\",\"contentUrl\":\"http:\\\/\\\/www.paroisse-saintmartindelarisle.fr\\\/wp-content\\\/uploads\\\/2023\\\/03\\\/eglise.png\",\"width\":640,\"height\":640,\"caption\":\"Paroisse Saint Martin de la Risle\"},\"image\":{\"@id\":\"https:\\\/\\\/www.paroisse-saintmartindelarisle.fr\\\/#\\\/schema\\\/logo\\\/image\\\/\"}}]}<\/script>\n<!-- \/ Yoast SEO plugin. -->","yoast_head_json":{"title":"\u00c9veil \u00e0 la foi - Paroisse Saint Martin","robots":{"index":"index","follow":"follow","max-snippet":"max-snippet:-1","max-image-preview":"max-image-preview:large","max-video-preview":"max-video-preview:-1"},"canonical":"https:\/\/www.paroisse-saintmartindelarisle.fr\/index.php\/annoncer\/eveil-a-la-foi\/","og_locale":"fr_FR","og_type":"article","og_title":"\u00c9veil \u00e0 la foi - Paroisse Saint Martin","og_description":"L\u2019\u00e9veil \u00e0 la foi en paroisse est une \u00e9tape vers le cat\u00e9chisme. Elle s\u2019adresse aux enfants de moins de sept ans (entre 3,5 ans et 7 ans). En attendant de pouvoir faire plus les enfants sont accueillis une fois par mois pendant la messe de 10h30 en l\u2019\u00e9glise de Brionne. Afin d&rsquo;\u00eatre en continuit\u00e9 avec &hellip; Lire la suite de\u00ab\u00a0\u00c9veil \u00e0 la foi\u00a0\u00bb","og_url":"https:\/\/www.paroisse-saintmartindelarisle.fr\/index.php\/annoncer\/eveil-a-la-foi\/","og_site_name":"Paroisse Saint Martin","article_modified_time":"2023-09-04T16:24:37+00:00","twitter_card":"summary_large_image","schema":{"@context":"https:\/\/schema.org","@graph":[{"@type":"WebPage","@id":"https:\/\/www.paroisse-saintmartindelarisle.fr\/index.php\/annoncer\/eveil-a-la-foi\/","url":"https:\/\/www.paroisse-saintmartindelarisle.fr\/index.php\/annoncer\/eveil-a-la-foi\/","name":"\u00c9veil \u00e0 la foi - Paroisse Saint Martin","isPartOf":{"@id":"https:\/\/www.paroisse-saintmartindelarisle.fr\/#website"},"datePublished":"2023-09-04T16:10:22+00:00","dateModified":"2023-09-04T16:24:37+00:00","breadcrumb":{"@id":"https:\/\/www.paroisse-saintmartindelarisle.fr\/index.php\/annoncer\/eveil-a-la-foi\/#breadcrumb"},"inLanguage":"fr-FR","potentialAction":[{"@type":"ReadAction","target":["https:\/\/www.paroisse-saintmartindelarisle.fr\/index.php\/annoncer\/eveil-a-la-foi\/"]}]},{"@type":"BreadcrumbList","@id":"https:\/\/www.paroisse-saintmartindelarisle.fr\/index.php\/annoncer\/eveil-a-la-foi\/#breadcrumb","itemListElement":[{"@type":"ListItem","position":1,"name":"Accueil","item":"https:\/\/www.paroisse-saintmartindelarisle.fr\/"},{"@type":"ListItem","position":2,"name":"Annoncer","item":"https:\/\/www.paroisse-saintmartindelarisle.fr\/index.php\/annoncer\/"},{"@type":"ListItem","position":3,"name":"\u00c9veil \u00e0 la foi"}]},{"@type":"WebSite","@id":"https:\/\/www.paroisse-saintmartindelarisle.fr\/#website","url":"https:\/\/www.paroisse-saintmartindelarisle.fr\/","name":"Paroisse Saint Martin de la Risle","description":"","publisher":{"@id":"https:\/\/www.paroisse-saintmartindelarisle.fr\/#organization"},"potentialAction":[{"@type":"SearchAction","target":{"@type":"EntryPoint","urlTemplate":"https:\/\/www.paroisse-saintmartindelarisle.fr\/?s={search_term_string}"},"query-input":{"@type":"PropertyValueSpecification","valueRequired":true,"valueName":"search_term_string"}}],"inLanguage":"fr-FR"},{"@type":"Organization","@id":"https:\/\/www.paroisse-saintmartindelarisle.fr\/#organization","name":"Paroisse Saint Martin de la Risle","url":"https:\/\/www.paroisse-saintmartindelarisle.fr\/","logo":{"@type":"ImageObject","inLanguage":"fr-FR","@id":"https:\/\/www.paroisse-saintmartindelarisle.fr\/#\/schema\/logo\/image\/","url":"http:\/\/www.paroisse-saintmartindelarisle.fr\/wp-content\/uploads\/2023\/03\/eglise.png","contentUrl":"http:\/\/www.paroisse-saintmartindelarisle.fr\/wp-content\/uploads\/2023\/03\/eglise.png","width":640,"height":640,"caption":"Paroisse Saint Martin de la Risle"},"image":{"@id":"https:\/\/www.paroisse-saintmartindelarisle.fr\/#\/schema\/logo\/image\/"}}]}},"_links":{"self":[{"href":"https:\/\/www.paroisse-saintmartindelarisle.fr\/index.php\/wp-json\/wp\/v2\/pages\/304","targetHints":{"allow":["GET"]}}],"collection":[{"href":"https:\/\/www.paroisse-saintmartindelarisle.fr\/index.php\/wp-json\/wp\/v2\/pages"}],"about":[{"href":"https:\/\/www.paroisse-saintmartindelarisle.fr\/index.php\/wp-json\/wp\/v2\/types\/page"}],"author":[{"embeddable":true,"href":"https:\/\/www.paroisse-saintmartindelarisle.fr\/index.php\/wp-json\/wp\/v2\/users\/1"}],"replies":[{"embeddable":true,"href":"https:\/\/www.paroisse-saintmartindelarisle.fr\/index.php\/wp-json\/wp\/v2\/comments?post=304"}],"version-history":[{"count":1,"href":"https:\/\/www.paroisse-saintmartindelarisle.fr\/index.php\/wp-json\/wp\/v2\/pages\/304\/revisions"}],"predecessor-version":[{"id":305,"href":"https:\/\/www.paroisse-saintmartindelarisle.fr\/index.php\/wp-json\/wp\/v2\/pages\/304\/revisions\/305"}],"up":[{"embeddable":true,"href":"https:\/\/www.paroisse-saintmartindelarisle.fr\/index.php\/wp-json\/wp\/v2\/pages\/185"}],"wp:attachment":[{"href":"https:\/\/www.paroisse-saintmartindelarisle.fr\/index.php\/wp-json\/wp\/v2\/media?parent=304"}],"curies":[{"name":"wp","href":"https:\/\/api.w.org\/{rel}","templated":true}]}}