{"id":306,"date":"2023-09-04T18:12:26","date_gmt":"2023-09-04T16:12:26","guid":{"rendered":"http:\/\/www.paroisse-saintmartindelarisle.fr\/?page_id=306"},"modified":"2023-09-04T18:28:26","modified_gmt":"2023-09-04T16:28:26","slug":"aumonerie-des-ehpad","status":"publish","type":"page","link":"https:\/\/www.paroisse-saintmartindelarisle.fr\/index.php\/aumonerie-des-ehpad\/","title":{"rendered":"Aum\u00f4nerie des EHPAD"},"content":{"rendered":"\n<p>\u00ab&nbsp;<em>Parce que tu comptes \u00e0 mes yeux, que tu as du prix et que moi je t&rsquo;aime&nbsp;\u00bb <\/em>(Isa\u00efe 43, 4)<\/p>\n\n\n\n<p>La paroisse abrite trois E.H.P.A.D. o\u00f9 la messe est c\u00e9l\u00e9br\u00e9e tous les deuxi\u00e8me, troisi\u00e8me et quatri\u00e8me mercredi du mois. Un \u00e9tablissement sur trois, Harcourt, a la chance de pouvoir compter sur une \u00e9quipe d\u2019aum\u00f4nerie. Cette derni\u00e8re assure une pr\u00e9sence d\u2019\u00c9glise dans l\u2019\u00e9tablissement, un accompagnement et une animation spirituelles et humains.<\/p>\n\n\n\n<p>Brionne&nbsp;: Messe le deuxi\u00e8me mercredi du mois.&nbsp;<\/p>\n\n\n\n<p>\u00a0\u00a0\u00a0\u00a0\u00a0\u00a0\u00a0\u00a0\u00a0\u00a0\u00a0\u00a0\u00a0     Personne r\u00e9f\u00e9rente\u00a0:\u00a0 Caire ISAMBART\u00a0<\/p>\n\n\n\n<p>Nassandres&nbsp;: Messe le troisi\u00e8me mercredi du mois<\/p>\n\n\n\n<p>\u00a0\u00a0\u00a0\u00a0\u00a0\u00a0\u00a0\u00a0\u00a0 \u00a0\u00a0\u00a0\u00a0\u00a0\u00a0\u00a0\u00a0Personne r\u00e9f\u00e9rente\u00a0: H\u00e9l\u00e8ne LESCAROUX<\/p>\n\n\n\n<p>Harcourt&nbsp;: Messe le quatri\u00e8me mercredi du mois. Deux aum\u00f4niers&nbsp;:<\/p>\n\n\n\n<p>&nbsp;&nbsp;&nbsp;&nbsp;&nbsp;&nbsp;&nbsp;&nbsp;&nbsp;&nbsp;&nbsp;&nbsp;&nbsp;&nbsp;&nbsp;&nbsp; Deux aum\u00f4niers&nbsp;: No\u00e9mie MAINGUET<\/p>\n\n\n\n<p>\u00a0\u00a0\u00a0\u00a0\u00a0\u00a0\u00a0\u00a0\u00a0\u00a0\u00a0\u00a0\u00a0\u00a0\u00a0\u00a0\u00a0\u00a0\u00a0\u00a0\u00a0\u00a0\u00a0\u00a0\u00a0\u00a0\u00a0\u00a0\u00a0\u00a0\u00a0\u00a0\u00a0\u00a0\u00a0\u00a0\u00a0\u00a0\u00a0\u00a0\u00a0\u00a0\u00a0\u00a0 Xavier de PORTXAMPARC<\/p>\n","protected":false},"excerpt":{"rendered":"<p>\u00ab&nbsp;Parce que tu comptes \u00e0 mes yeux, que tu as du prix et que moi je t&rsquo;aime&nbsp;\u00bb (Isa\u00efe 43, 4) La paroisse abrite trois E.H.P.A.D. o\u00f9 la messe est c\u00e9l\u00e9br\u00e9e tous les deuxi\u00e8me, troisi\u00e8me et quatri\u00e8me mercredi du mois. Un \u00e9tablissement sur trois, Harcourt, a la chance de pouvoir compter sur une \u00e9quipe d\u2019aum\u00f4nerie. Cette &hellip; <\/p>\n<p class=\"link-more\"><a href=\"https:\/\/www.paroisse-saintmartindelarisle.fr\/index.php\/aumonerie-des-ehpad\/\" class=\"more-link\">Lire la suite de<span class=\"screen-reader-text\">\u00ab\u00a0Aum\u00f4nerie des EHPAD\u00a0\u00bb<\/span><\/a><\/p>\n","protected":false},"author":1,"featured_media":0,"parent":0,"menu_order":0,"comment_status":"closed","ping_status":"closed","template":"","meta":{"iawp_total_views":21,"_mc_calendar":[],"footnotes":""},"class_list":["post-306","page","type-page","status-publish","hentry"],"yoast_head":"<!-- This site is optimized with the Yoast SEO plugin v27.4 - https:\/\/yoast.com\/product\/yoast-seo-wordpress\/ -->\n<title>Aum\u00f4nerie des EHPAD - Paroisse Saint Martin<\/title>\n<meta name=\"robots\" content=\"index, follow, max-snippet:-1, max-image-preview:large, max-video-preview:-1\" \/>\n<link rel=\"canonical\" href=\"https:\/\/www.paroisse-saintmartindelarisle.fr\/index.php\/aumonerie-des-ehpad\/\" \/>\n<meta property=\"og:locale\" content=\"fr_FR\" \/>\n<meta property=\"og:type\" content=\"article\" \/>\n<meta property=\"og:title\" content=\"Aum\u00f4nerie des EHPAD - Paroisse Saint Martin\" \/>\n<meta property=\"og:description\" content=\"\u00ab&nbsp;Parce que tu comptes \u00e0 mes yeux, que tu as du prix et que moi je t&rsquo;aime&nbsp;\u00bb (Isa\u00efe 43, 4) La paroisse abrite trois E.H.P.A.D. o\u00f9 la messe est c\u00e9l\u00e9br\u00e9e tous les deuxi\u00e8me, troisi\u00e8me et quatri\u00e8me mercredi du mois. Un \u00e9tablissement sur trois, Harcourt, a la chance de pouvoir compter sur une \u00e9quipe d\u2019aum\u00f4nerie. Cette &hellip; Lire la suite de\u00ab\u00a0Aum\u00f4nerie des EHPAD\u00a0\u00bb\" \/>\n<meta property=\"og:url\" content=\"https:\/\/www.paroisse-saintmartindelarisle.fr\/index.php\/aumonerie-des-ehpad\/\" \/>\n<meta property=\"og:site_name\" content=\"Paroisse Saint Martin\" \/>\n<meta property=\"article:modified_time\" content=\"2023-09-04T16:28:26+00:00\" \/>\n<meta name=\"twitter:card\" content=\"summary_large_image\" \/>\n<meta name=\"twitter:label1\" content=\"Dur\u00e9e de lecture estim\u00e9e\" \/>\n\t<meta name=\"twitter:data1\" content=\"1 minute\" \/>\n<script type=\"application\/ld+json\" class=\"yoast-schema-graph\">{\"@context\":\"https:\\\/\\\/schema.org\",\"@graph\":[{\"@type\":\"WebPage\",\"@id\":\"https:\\\/\\\/www.paroisse-saintmartindelarisle.fr\\\/index.php\\\/aumonerie-des-ehpad\\\/\",\"url\":\"https:\\\/\\\/www.paroisse-saintmartindelarisle.fr\\\/index.php\\\/aumonerie-des-ehpad\\\/\",\"name\":\"Aum\u00f4nerie des EHPAD - Paroisse Saint Martin\",\"isPartOf\":{\"@id\":\"https:\\\/\\\/www.paroisse-saintmartindelarisle.fr\\\/#website\"},\"datePublished\":\"2023-09-04T16:12:26+00:00\",\"dateModified\":\"2023-09-04T16:28:26+00:00\",\"breadcrumb\":{\"@id\":\"https:\\\/\\\/www.paroisse-saintmartindelarisle.fr\\\/index.php\\\/aumonerie-des-ehpad\\\/#breadcrumb\"},\"inLanguage\":\"fr-FR\",\"potentialAction\":[{\"@type\":\"ReadAction\",\"target\":[\"https:\\\/\\\/www.paroisse-saintmartindelarisle.fr\\\/index.php\\\/aumonerie-des-ehpad\\\/\"]}]},{\"@type\":\"BreadcrumbList\",\"@id\":\"https:\\\/\\\/www.paroisse-saintmartindelarisle.fr\\\/index.php\\\/aumonerie-des-ehpad\\\/#breadcrumb\",\"itemListElement\":[{\"@type\":\"ListItem\",\"position\":1,\"name\":\"Accueil\",\"item\":\"https:\\\/\\\/www.paroisse-saintmartindelarisle.fr\\\/\"},{\"@type\":\"ListItem\",\"position\":2,\"name\":\"Aum\u00f4nerie des EHPAD\"}]},{\"@type\":\"WebSite\",\"@id\":\"https:\\\/\\\/www.paroisse-saintmartindelarisle.fr\\\/#website\",\"url\":\"https:\\\/\\\/www.paroisse-saintmartindelarisle.fr\\\/\",\"name\":\"Paroisse Saint Martin de la Risle\",\"description\":\"\",\"publisher\":{\"@id\":\"https:\\\/\\\/www.paroisse-saintmartindelarisle.fr\\\/#organization\"},\"potentialAction\":[{\"@type\":\"SearchAction\",\"target\":{\"@type\":\"EntryPoint\",\"urlTemplate\":\"https:\\\/\\\/www.paroisse-saintmartindelarisle.fr\\\/?s={search_term_string}\"},\"query-input\":{\"@type\":\"PropertyValueSpecification\",\"valueRequired\":true,\"valueName\":\"search_term_string\"}}],\"inLanguage\":\"fr-FR\"},{\"@type\":\"Organization\",\"@id\":\"https:\\\/\\\/www.paroisse-saintmartindelarisle.fr\\\/#organization\",\"name\":\"Paroisse Saint Martin de la Risle\",\"url\":\"https:\\\/\\\/www.paroisse-saintmartindelarisle.fr\\\/\",\"logo\":{\"@type\":\"ImageObject\",\"inLanguage\":\"fr-FR\",\"@id\":\"https:\\\/\\\/www.paroisse-saintmartindelarisle.fr\\\/#\\\/schema\\\/logo\\\/image\\\/\",\"url\":\"http:\\\/\\\/www.paroisse-saintmartindelarisle.fr\\\/wp-content\\\/uploads\\\/2023\\\/03\\\/eglise.png\",\"contentUrl\":\"http:\\\/\\\/www.paroisse-saintmartindelarisle.fr\\\/wp-content\\\/uploads\\\/2023\\\/03\\\/eglise.png\",\"width\":640,\"height\":640,\"caption\":\"Paroisse Saint Martin de la Risle\"},\"image\":{\"@id\":\"https:\\\/\\\/www.paroisse-saintmartindelarisle.fr\\\/#\\\/schema\\\/logo\\\/image\\\/\"}}]}<\/script>\n<!-- \/ Yoast SEO plugin. -->","yoast_head_json":{"title":"Aum\u00f4nerie des EHPAD - Paroisse Saint Martin","robots":{"index":"index","follow":"follow","max-snippet":"max-snippet:-1","max-image-preview":"max-image-preview:large","max-video-preview":"max-video-preview:-1"},"canonical":"https:\/\/www.paroisse-saintmartindelarisle.fr\/index.php\/aumonerie-des-ehpad\/","og_locale":"fr_FR","og_type":"article","og_title":"Aum\u00f4nerie des EHPAD - Paroisse Saint Martin","og_description":"\u00ab&nbsp;Parce que tu comptes \u00e0 mes yeux, que tu as du prix et que moi je t&rsquo;aime&nbsp;\u00bb (Isa\u00efe 43, 4) La paroisse abrite trois E.H.P.A.D. o\u00f9 la messe est c\u00e9l\u00e9br\u00e9e tous les deuxi\u00e8me, troisi\u00e8me et quatri\u00e8me mercredi du mois. Un \u00e9tablissement sur trois, Harcourt, a la chance de pouvoir compter sur une \u00e9quipe d\u2019aum\u00f4nerie. Cette &hellip; Lire la suite de\u00ab\u00a0Aum\u00f4nerie des EHPAD\u00a0\u00bb","og_url":"https:\/\/www.paroisse-saintmartindelarisle.fr\/index.php\/aumonerie-des-ehpad\/","og_site_name":"Paroisse Saint Martin","article_modified_time":"2023-09-04T16:28:26+00:00","twitter_card":"summary_large_image","twitter_misc":{"Dur\u00e9e de lecture estim\u00e9e":"1 minute"},"schema":{"@context":"https:\/\/schema.org","@graph":[{"@type":"WebPage","@id":"https:\/\/www.paroisse-saintmartindelarisle.fr\/index.php\/aumonerie-des-ehpad\/","url":"https:\/\/www.paroisse-saintmartindelarisle.fr\/index.php\/aumonerie-des-ehpad\/","name":"Aum\u00f4nerie des EHPAD - Paroisse Saint Martin","isPartOf":{"@id":"https:\/\/www.paroisse-saintmartindelarisle.fr\/#website"},"datePublished":"2023-09-04T16:12:26+00:00","dateModified":"2023-09-04T16:28:26+00:00","breadcrumb":{"@id":"https:\/\/www.paroisse-saintmartindelarisle.fr\/index.php\/aumonerie-des-ehpad\/#breadcrumb"},"inLanguage":"fr-FR","potentialAction":[{"@type":"ReadAction","target":["https:\/\/www.paroisse-saintmartindelarisle.fr\/index.php\/aumonerie-des-ehpad\/"]}]},{"@type":"BreadcrumbList","@id":"https:\/\/www.paroisse-saintmartindelarisle.fr\/index.php\/aumonerie-des-ehpad\/#breadcrumb","itemListElement":[{"@type":"ListItem","position":1,"name":"Accueil","item":"https:\/\/www.paroisse-saintmartindelarisle.fr\/"},{"@type":"ListItem","position":2,"name":"Aum\u00f4nerie des EHPAD"}]},{"@type":"WebSite","@id":"https:\/\/www.paroisse-saintmartindelarisle.fr\/#website","url":"https:\/\/www.paroisse-saintmartindelarisle.fr\/","name":"Paroisse Saint Martin de la Risle","description":"","publisher":{"@id":"https:\/\/www.paroisse-saintmartindelarisle.fr\/#organization"},"potentialAction":[{"@type":"SearchAction","target":{"@type":"EntryPoint","urlTemplate":"https:\/\/www.paroisse-saintmartindelarisle.fr\/?s={search_term_string}"},"query-input":{"@type":"PropertyValueSpecification","valueRequired":true,"valueName":"search_term_string"}}],"inLanguage":"fr-FR"},{"@type":"Organization","@id":"https:\/\/www.paroisse-saintmartindelarisle.fr\/#organization","name":"Paroisse Saint Martin de la Risle","url":"https:\/\/www.paroisse-saintmartindelarisle.fr\/","logo":{"@type":"ImageObject","inLanguage":"fr-FR","@id":"https:\/\/www.paroisse-saintmartindelarisle.fr\/#\/schema\/logo\/image\/","url":"http:\/\/www.paroisse-saintmartindelarisle.fr\/wp-content\/uploads\/2023\/03\/eglise.png","contentUrl":"http:\/\/www.paroisse-saintmartindelarisle.fr\/wp-content\/uploads\/2023\/03\/eglise.png","width":640,"height":640,"caption":"Paroisse Saint Martin de la Risle"},"image":{"@id":"https:\/\/www.paroisse-saintmartindelarisle.fr\/#\/schema\/logo\/image\/"}}]}},"_links":{"self":[{"href":"https:\/\/www.paroisse-saintmartindelarisle.fr\/index.php\/wp-json\/wp\/v2\/pages\/306","targetHints":{"allow":["GET"]}}],"collection":[{"href":"https:\/\/www.paroisse-saintmartindelarisle.fr\/index.php\/wp-json\/wp\/v2\/pages"}],"about":[{"href":"https:\/\/www.paroisse-saintmartindelarisle.fr\/index.php\/wp-json\/wp\/v2\/types\/page"}],"author":[{"embeddable":true,"href":"https:\/\/www.paroisse-saintmartindelarisle.fr\/index.php\/wp-json\/wp\/v2\/users\/1"}],"replies":[{"embeddable":true,"href":"https:\/\/www.paroisse-saintmartindelarisle.fr\/index.php\/wp-json\/wp\/v2\/comments?post=306"}],"version-history":[{"count":2,"href":"https:\/\/www.paroisse-saintmartindelarisle.fr\/index.php\/wp-json\/wp\/v2\/pages\/306\/revisions"}],"predecessor-version":[{"id":321,"href":"https:\/\/www.paroisse-saintmartindelarisle.fr\/index.php\/wp-json\/wp\/v2\/pages\/306\/revisions\/321"}],"wp:attachment":[{"href":"https:\/\/www.paroisse-saintmartindelarisle.fr\/index.php\/wp-json\/wp\/v2\/media?parent=306"}],"curies":[{"name":"wp","href":"https:\/\/api.w.org\/{rel}","templated":true}]}}