{"id":67,"date":"2023-03-11T16:22:36","date_gmt":"2023-03-11T15:22:36","guid":{"rendered":"http:\/\/bhitele.cluster027.hosting.ovh.net\/?page_id=67"},"modified":"2025-09-01T15:19:52","modified_gmt":"2025-09-01T13:19:52","slug":"horaires-des-messes","status":"publish","type":"page","link":"https:\/\/www.paroisse-saintmartindelarisle.fr\/index.php\/celebrer\/horaires-des-messes\/","title":{"rendered":"Horaires des messes"},"content":{"rendered":"\n<p class=\"has-medium-font-size\"><strong>Messes du dimanche<\/strong><\/p>\n\n\n\n<p>Messe le samedi soir dans les villages, \u00e0 18h00<br>Messe le dimanche et solennit\u00e9s \u00e0 10h30 \u00e0 Brionne<\/p>\n\n\n\n<p class=\"has-medium-font-size\"><strong>Messes de semaine<\/strong><\/p>\n\n\n\n<ul class=\"wp-block-list\">\n<li>Lundi&nbsp;: messe \u00e0 15h 00 pr\u00e9c\u00e9d\u00e9e pr\u00e9c\u00e9d\u00e9e de la m\u00e9ditation, avec Marie des myst\u00e8res de la vie du Christ \u00e0 14h30.<\/li>\n\n\n\n<li>Mardi : messe \u00e0 9h 00 le 4e mardi du mois, dite \u00e0 vos intentions. Merci de les d\u00e9poser aux pieds du Sacr\u00e9-C\u0153ur de J\u00e9sus (entr\u00e9e principale de l\u2019\u00e9glise de Brionne \u00e0 gauche). Temps d\u2019intercession apr\u00e8s la messe.<\/li>\n\n\n\n<li>Mercredis: messe en e.h.p.a.d.&nbsp;: 2\u00e8me&nbsp;: Brionne \u00e0 14h30; 3<sup>\u00e8me&nbsp;<\/sup>: Nassandres&nbsp;\u00e0 14h45 :&nbsp; et 4<sup>\u00e8me<\/sup> Harcourt \u00e0 14h30.<\/li>\n\n\n\n<li>Jeudi : Messe \u00e0 18h prolong\u00e9e par l\u2019exposition et l\u2019adoration du Tr\u00e8s St.-Sacrement jusqu\u2019\u00e0 19h :\n<ul class=\"wp-block-list\">\n<li>1er et 2e jeudi messe \u00e0 Brionne ; <\/li>\n\n\n\n<li>le 3e \u00e0 St.-Pierre-de-Salerne; <\/li>\n\n\n\n<li>le 4e \u00e0 La-Haye-de-Calleville;<\/li>\n\n\n\n<li>\u00e9ventuellement le  5e \u00e0 Brionne<\/li>\n<\/ul>\n<\/li>\n\n\n\n<li>Vendredi : messe \u00e0 18h \u00e0 Brionne, suivie de l&rsquo;adoration le 1er vendredi du mois<br><\/li>\n\n\n\n<li>Samedi en l\u2019honneur de la Vierge Marie&nbsp;: messe \u00e0 11h 30<\/li>\n<\/ul>\n\n\n\n<p>Tous les jeudis et le 1<sup>er<\/sup> vendredi du mois, adoration du St. Sacrement expos\u00e9 en prolongation de la messe.<\/p>\n\n\n\n<p>Messe tous les jours de semaine au monast\u00e8re des moniales-oblates de l\u2019abbaye du Bec-Hellouin \u00e0 Saint Martin-du-parc \u00e0 11h 45<br>et \u00e0 l&rsquo;abbaye Notre-Dame du Bec-Hellouin \u00e9galement \u00e0 11h45\u00a0<\/p>\n\n\n\n<h2 class=\"wp-block-heading\"><a href=\"http:\/\/www.paroisse-saintmartindelarisle.fr\/index.php\/horaires-des-messes\/calendrier-des-messes\/\">Calendrier des messes<\/a><\/h2>\n","protected":false},"excerpt":{"rendered":"<p>Messes du dimanche Messe le samedi soir dans les villages, \u00e0 18h00Messe le dimanche et solennit\u00e9s \u00e0 10h30 \u00e0 Brionne Messes de semaine Tous les jeudis et le 1er vendredi du mois, adoration du St. Sacrement expos\u00e9 en prolongation de la messe. Messe tous les jours de semaine au monast\u00e8re des moniales-oblates de l\u2019abbaye du &hellip; <\/p>\n<p class=\"link-more\"><a href=\"https:\/\/www.paroisse-saintmartindelarisle.fr\/index.php\/celebrer\/horaires-des-messes\/\" class=\"more-link\">Lire la suite de<span class=\"screen-reader-text\">\u00ab\u00a0Horaires des messes\u00a0\u00bb<\/span><\/a><\/p>\n","protected":false},"author":1,"featured_media":0,"parent":236,"menu_order":0,"comment_status":"closed","ping_status":"closed","template":"","meta":{"iawp_total_views":310,"_mc_calendar":[],"footnotes":""},"class_list":["post-67","page","type-page","status-publish","hentry"],"yoast_head":"<!-- This site is optimized with the Yoast SEO plugin v27.4 - https:\/\/yoast.com\/product\/yoast-seo-wordpress\/ -->\n<title>Horaires des messes - Paroisse Saint Martin<\/title>\n<meta name=\"robots\" content=\"index, follow, max-snippet:-1, max-image-preview:large, max-video-preview:-1\" \/>\n<link rel=\"canonical\" href=\"https:\/\/www.paroisse-saintmartindelarisle.fr\/index.php\/celebrer\/horaires-des-messes\/\" \/>\n<meta property=\"og:locale\" content=\"fr_FR\" \/>\n<meta property=\"og:type\" content=\"article\" \/>\n<meta property=\"og:title\" content=\"Horaires des messes - Paroisse Saint Martin\" \/>\n<meta property=\"og:description\" content=\"Messes du dimanche Messe le samedi soir dans les villages, \u00e0 18h00Messe le dimanche et solennit\u00e9s \u00e0 10h30 \u00e0 Brionne Messes de semaine Tous les jeudis et le 1er vendredi du mois, adoration du St. Sacrement expos\u00e9 en prolongation de la messe. Messe tous les jours de semaine au monast\u00e8re des moniales-oblates de l\u2019abbaye du &hellip; Lire la suite de\u00ab\u00a0Horaires des messes\u00a0\u00bb\" \/>\n<meta property=\"og:url\" content=\"https:\/\/www.paroisse-saintmartindelarisle.fr\/index.php\/celebrer\/horaires-des-messes\/\" \/>\n<meta property=\"og:site_name\" content=\"Paroisse Saint Martin\" \/>\n<meta property=\"article:modified_time\" content=\"2025-09-01T13:19:52+00:00\" \/>\n<meta name=\"twitter:card\" content=\"summary_large_image\" \/>\n<meta name=\"twitter:label1\" content=\"Dur\u00e9e de lecture estim\u00e9e\" \/>\n\t<meta name=\"twitter:data1\" content=\"2 minutes\" \/>\n<script type=\"application\/ld+json\" class=\"yoast-schema-graph\">{\"@context\":\"https:\\\/\\\/schema.org\",\"@graph\":[{\"@type\":\"WebPage\",\"@id\":\"https:\\\/\\\/www.paroisse-saintmartindelarisle.fr\\\/index.php\\\/celebrer\\\/horaires-des-messes\\\/\",\"url\":\"https:\\\/\\\/www.paroisse-saintmartindelarisle.fr\\\/index.php\\\/celebrer\\\/horaires-des-messes\\\/\",\"name\":\"Horaires des messes - Paroisse Saint Martin\",\"isPartOf\":{\"@id\":\"https:\\\/\\\/www.paroisse-saintmartindelarisle.fr\\\/#website\"},\"datePublished\":\"2023-03-11T15:22:36+00:00\",\"dateModified\":\"2025-09-01T13:19:52+00:00\",\"breadcrumb\":{\"@id\":\"https:\\\/\\\/www.paroisse-saintmartindelarisle.fr\\\/index.php\\\/celebrer\\\/horaires-des-messes\\\/#breadcrumb\"},\"inLanguage\":\"fr-FR\",\"potentialAction\":[{\"@type\":\"ReadAction\",\"target\":[\"https:\\\/\\\/www.paroisse-saintmartindelarisle.fr\\\/index.php\\\/celebrer\\\/horaires-des-messes\\\/\"]}]},{\"@type\":\"BreadcrumbList\",\"@id\":\"https:\\\/\\\/www.paroisse-saintmartindelarisle.fr\\\/index.php\\\/celebrer\\\/horaires-des-messes\\\/#breadcrumb\",\"itemListElement\":[{\"@type\":\"ListItem\",\"position\":1,\"name\":\"Accueil\",\"item\":\"https:\\\/\\\/www.paroisse-saintmartindelarisle.fr\\\/\"},{\"@type\":\"ListItem\",\"position\":2,\"name\":\"C\u00e9l\u00e9brer\",\"item\":\"https:\\\/\\\/www.paroisse-saintmartindelarisle.fr\\\/index.php\\\/celebrer\\\/\"},{\"@type\":\"ListItem\",\"position\":3,\"name\":\"Horaires des messes\"}]},{\"@type\":\"WebSite\",\"@id\":\"https:\\\/\\\/www.paroisse-saintmartindelarisle.fr\\\/#website\",\"url\":\"https:\\\/\\\/www.paroisse-saintmartindelarisle.fr\\\/\",\"name\":\"Paroisse Saint Martin de la Risle\",\"description\":\"\",\"publisher\":{\"@id\":\"https:\\\/\\\/www.paroisse-saintmartindelarisle.fr\\\/#organization\"},\"potentialAction\":[{\"@type\":\"SearchAction\",\"target\":{\"@type\":\"EntryPoint\",\"urlTemplate\":\"https:\\\/\\\/www.paroisse-saintmartindelarisle.fr\\\/?s={search_term_string}\"},\"query-input\":{\"@type\":\"PropertyValueSpecification\",\"valueRequired\":true,\"valueName\":\"search_term_string\"}}],\"inLanguage\":\"fr-FR\"},{\"@type\":\"Organization\",\"@id\":\"https:\\\/\\\/www.paroisse-saintmartindelarisle.fr\\\/#organization\",\"name\":\"Paroisse Saint Martin de la Risle\",\"url\":\"https:\\\/\\\/www.paroisse-saintmartindelarisle.fr\\\/\",\"logo\":{\"@type\":\"ImageObject\",\"inLanguage\":\"fr-FR\",\"@id\":\"https:\\\/\\\/www.paroisse-saintmartindelarisle.fr\\\/#\\\/schema\\\/logo\\\/image\\\/\",\"url\":\"http:\\\/\\\/www.paroisse-saintmartindelarisle.fr\\\/wp-content\\\/uploads\\\/2023\\\/03\\\/eglise.png\",\"contentUrl\":\"http:\\\/\\\/www.paroisse-saintmartindelarisle.fr\\\/wp-content\\\/uploads\\\/2023\\\/03\\\/eglise.png\",\"width\":640,\"height\":640,\"caption\":\"Paroisse Saint Martin de la Risle\"},\"image\":{\"@id\":\"https:\\\/\\\/www.paroisse-saintmartindelarisle.fr\\\/#\\\/schema\\\/logo\\\/image\\\/\"}}]}<\/script>\n<!-- \/ Yoast SEO plugin. -->","yoast_head_json":{"title":"Horaires des messes - Paroisse Saint Martin","robots":{"index":"index","follow":"follow","max-snippet":"max-snippet:-1","max-image-preview":"max-image-preview:large","max-video-preview":"max-video-preview:-1"},"canonical":"https:\/\/www.paroisse-saintmartindelarisle.fr\/index.php\/celebrer\/horaires-des-messes\/","og_locale":"fr_FR","og_type":"article","og_title":"Horaires des messes - Paroisse Saint Martin","og_description":"Messes du dimanche Messe le samedi soir dans les villages, \u00e0 18h00Messe le dimanche et solennit\u00e9s \u00e0 10h30 \u00e0 Brionne Messes de semaine Tous les jeudis et le 1er vendredi du mois, adoration du St. Sacrement expos\u00e9 en prolongation de la messe. Messe tous les jours de semaine au monast\u00e8re des moniales-oblates de l\u2019abbaye du &hellip; Lire la suite de\u00ab\u00a0Horaires des messes\u00a0\u00bb","og_url":"https:\/\/www.paroisse-saintmartindelarisle.fr\/index.php\/celebrer\/horaires-des-messes\/","og_site_name":"Paroisse Saint Martin","article_modified_time":"2025-09-01T13:19:52+00:00","twitter_card":"summary_large_image","twitter_misc":{"Dur\u00e9e de lecture estim\u00e9e":"2 minutes"},"schema":{"@context":"https:\/\/schema.org","@graph":[{"@type":"WebPage","@id":"https:\/\/www.paroisse-saintmartindelarisle.fr\/index.php\/celebrer\/horaires-des-messes\/","url":"https:\/\/www.paroisse-saintmartindelarisle.fr\/index.php\/celebrer\/horaires-des-messes\/","name":"Horaires des messes - Paroisse Saint Martin","isPartOf":{"@id":"https:\/\/www.paroisse-saintmartindelarisle.fr\/#website"},"datePublished":"2023-03-11T15:22:36+00:00","dateModified":"2025-09-01T13:19:52+00:00","breadcrumb":{"@id":"https:\/\/www.paroisse-saintmartindelarisle.fr\/index.php\/celebrer\/horaires-des-messes\/#breadcrumb"},"inLanguage":"fr-FR","potentialAction":[{"@type":"ReadAction","target":["https:\/\/www.paroisse-saintmartindelarisle.fr\/index.php\/celebrer\/horaires-des-messes\/"]}]},{"@type":"BreadcrumbList","@id":"https:\/\/www.paroisse-saintmartindelarisle.fr\/index.php\/celebrer\/horaires-des-messes\/#breadcrumb","itemListElement":[{"@type":"ListItem","position":1,"name":"Accueil","item":"https:\/\/www.paroisse-saintmartindelarisle.fr\/"},{"@type":"ListItem","position":2,"name":"C\u00e9l\u00e9brer","item":"https:\/\/www.paroisse-saintmartindelarisle.fr\/index.php\/celebrer\/"},{"@type":"ListItem","position":3,"name":"Horaires des messes"}]},{"@type":"WebSite","@id":"https:\/\/www.paroisse-saintmartindelarisle.fr\/#website","url":"https:\/\/www.paroisse-saintmartindelarisle.fr\/","name":"Paroisse Saint Martin de la Risle","description":"","publisher":{"@id":"https:\/\/www.paroisse-saintmartindelarisle.fr\/#organization"},"potentialAction":[{"@type":"SearchAction","target":{"@type":"EntryPoint","urlTemplate":"https:\/\/www.paroisse-saintmartindelarisle.fr\/?s={search_term_string}"},"query-input":{"@type":"PropertyValueSpecification","valueRequired":true,"valueName":"search_term_string"}}],"inLanguage":"fr-FR"},{"@type":"Organization","@id":"https:\/\/www.paroisse-saintmartindelarisle.fr\/#organization","name":"Paroisse Saint Martin de la Risle","url":"https:\/\/www.paroisse-saintmartindelarisle.fr\/","logo":{"@type":"ImageObject","inLanguage":"fr-FR","@id":"https:\/\/www.paroisse-saintmartindelarisle.fr\/#\/schema\/logo\/image\/","url":"http:\/\/www.paroisse-saintmartindelarisle.fr\/wp-content\/uploads\/2023\/03\/eglise.png","contentUrl":"http:\/\/www.paroisse-saintmartindelarisle.fr\/wp-content\/uploads\/2023\/03\/eglise.png","width":640,"height":640,"caption":"Paroisse Saint Martin de la Risle"},"image":{"@id":"https:\/\/www.paroisse-saintmartindelarisle.fr\/#\/schema\/logo\/image\/"}}]}},"_links":{"self":[{"href":"https:\/\/www.paroisse-saintmartindelarisle.fr\/index.php\/wp-json\/wp\/v2\/pages\/67","targetHints":{"allow":["GET"]}}],"collection":[{"href":"https:\/\/www.paroisse-saintmartindelarisle.fr\/index.php\/wp-json\/wp\/v2\/pages"}],"about":[{"href":"https:\/\/www.paroisse-saintmartindelarisle.fr\/index.php\/wp-json\/wp\/v2\/types\/page"}],"author":[{"embeddable":true,"href":"https:\/\/www.paroisse-saintmartindelarisle.fr\/index.php\/wp-json\/wp\/v2\/users\/1"}],"replies":[{"embeddable":true,"href":"https:\/\/www.paroisse-saintmartindelarisle.fr\/index.php\/wp-json\/wp\/v2\/comments?post=67"}],"version-history":[{"count":11,"href":"https:\/\/www.paroisse-saintmartindelarisle.fr\/index.php\/wp-json\/wp\/v2\/pages\/67\/revisions"}],"predecessor-version":[{"id":686,"href":"https:\/\/www.paroisse-saintmartindelarisle.fr\/index.php\/wp-json\/wp\/v2\/pages\/67\/revisions\/686"}],"up":[{"embeddable":true,"href":"https:\/\/www.paroisse-saintmartindelarisle.fr\/index.php\/wp-json\/wp\/v2\/pages\/236"}],"wp:attachment":[{"href":"https:\/\/www.paroisse-saintmartindelarisle.fr\/index.php\/wp-json\/wp\/v2\/media?parent=67"}],"curies":[{"name":"wp","href":"https:\/\/api.w.org\/{rel}","templated":true}]}}